{"id":295,"date":"2018-05-20T20:59:07","date_gmt":"2018-05-20T20:59:07","guid":{"rendered":"http:\/\/elmolindelapedrera.com\/?page_id=295"},"modified":"2020-05-31T10:06:07","modified_gmt":"2020-05-31T10:06:07","slug":"donde-estamos","status":"publish","type":"page","link":"https:\/\/elmolindelapedrera.com\/index.php\/donde-estamos\/","title":{"rendered":"Donde estamos"},"content":{"rendered":"<p>[et_pb_section fb_built=\u00bb1&#8243; admin_label=\u00bbHero Section\u00bb _builder_version=\u00bb4.4.7&#8243; background_color=\u00bbrgba(0,0,0,0.2)\u00bb background_color_gradient_direction=\u00bb131deg\u00bb background_image=\u00bbhttps:\/\/elmolindelapedrera.com\/wp-content\/uploads\/2018\/06\/IMG_3351.jpg\u00bb custom_padding=\u00bb110px|0px|110px|0px\u00bb animation_style=\u00bbslide\u00bb animation_direction=\u00bbtop\u00bb animation_intensity_slide=\u00bb2%\u00bb animation_starting_opacity=\u00bb100%\u00bb][et_pb_row column_structure=\u00bb1_2,1_2&#8243; _builder_version=\u00bb3.25&#8243; background_size=\u00bbinitial\u00bb background_position=\u00bbtop_left\u00bb background_repeat=\u00bbrepeat\u00bb custom_width_px=\u00bb1440px\u00bb][et_pb_column type=\u00bb1_2&#8243; _builder_version=\u00bb3.25&#8243; custom_padding=\u00bb|||\u00bb custom_padding__hover=\u00bb|||\u00bb][et_pb_text _builder_version=\u00bb3.27.4&#8243; header_font=\u00bbPlayfair Display|700|||||||\u00bb header_text_color=\u00bb#ffffff\u00bb header_font_size=\u00bb60px\u00bb header_line_height=\u00bb1.5em\u00bb background_size=\u00bbinitial\u00bb background_position=\u00bbtop_left\u00bb background_repeat=\u00bbrepeat\u00bb custom_margin=\u00bb||20px|\u00bb locked=\u00bboff\u00bb]<\/p>\n<h1>D\u00f3nde estamos<\/h1>\n<p>[\/et_pb_text][et_pb_button button_url=\u00bbhttps:\/\/goo.gl\/maps\/2RjzoLPZ7Wm\u00bb button_text=\u00bbMapa\u00bb button_alignment=\u00bbcenter\u00bb _builder_version=\u00bb4.4.7&#8243; custom_button=\u00bbon\u00bb button_text_size=\u00bb14px\u00bb button_text_color=\u00bb#ffffff\u00bb button_bg_color=\u00bb#ff6e00&#8243; button_border_width=\u00bb0px\u00bb button_border_radius=\u00bb0px\u00bb button_letter_spacing=\u00bb2px\u00bb button_font=\u00bbPoppins|600||on|||||\u00bb button_use_icon=\u00bboff\u00bb custom_margin=\u00bb20px|||\u00bb custom_padding=\u00bb12px|28px|12px|28px\u00bb box_shadow_style=\u00bbpreset1&#8243; box_shadow_vertical=\u00bb10px\u00bb box_shadow_blur=\u00bb30px\u00bb box_shadow_color=\u00bbrgba(252,112,134,0.5)\u00bb button_letter_spacing_hover=\u00bb2px\u00bb button_text_size__hover_enabled=\u00bboff\u00bb button_one_text_size__hover_enabled=\u00bboff\u00bb button_two_text_size__hover_enabled=\u00bboff\u00bb button_text_color__hover_enabled=\u00bboff\u00bb button_one_text_color__hover_enabled=\u00bboff\u00bb button_two_text_color__hover_enabled=\u00bboff\u00bb button_border_width__hover_enabled=\u00bboff\u00bb button_one_border_width__hover_enabled=\u00bboff\u00bb button_two_border_width__hover_enabled=\u00bboff\u00bb button_border_color__hover_enabled=\u00bboff\u00bb button_one_border_color__hover_enabled=\u00bboff\u00bb button_two_border_color__hover_enabled=\u00bboff\u00bb button_border_radius__hover_enabled=\u00bboff\u00bb button_one_border_radius__hover_enabled=\u00bboff\u00bb button_two_border_radius__hover_enabled=\u00bboff\u00bb button_letter_spacing__hover_enabled=\u00bbon\u00bb button_letter_spacing__hover=\u00bb2px\u00bb button_one_letter_spacing__hover_enabled=\u00bboff\u00bb button_two_letter_spacing__hover_enabled=\u00bboff\u00bb button_bg_color__hover_enabled=\u00bboff\u00bb button_one_bg_color__hover_enabled=\u00bboff\u00bb button_two_bg_color__hover_enabled=\u00bboff\u00bb][\/et_pb_button][et_pb_divider show_divider=\u00bboff\u00bb disabled_on=\u00bbon|on|off\u00bb _builder_version=\u00bb3.2&#8243; max_width=\u00bb80px\u00bb module_alignment=\u00bbleft\u00bb height=\u00bb10px\u00bb custom_margin=\u00bb||20px|\u00bb animation_style=\u00bbslide\u00bb animation_direction=\u00bbbottom\u00bb saved_tabs=\u00bball\u00bb locked=\u00bboff\u00bb][\/et_pb_divider][et_pb_text _builder_version=\u00bb4.4.7&#8243; text_font=\u00bbPoppins||||||||\u00bb text_text_color=\u00bbrgba(255,255,255,0.8)\u00bb text_font_size=\u00bb18px\u00bb text_line_height=\u00bb1.8em\u00bb background_color=\u00bbrgba(0,0,0,0.51)\u00bb background_size=\u00bbinitial\u00bb background_position=\u00bbtop_left\u00bb background_repeat=\u00bbrepeat\u00bb custom_padding=\u00bb15px|15px|15px|15px|true|true\u00bb border_radii=\u00bboff|10px|10px|10px|10px\u00bb locked=\u00bboff\u00bb]<\/p>\n<p>Estamos en el centro de Cangas de On\u00eds, en la Calle R\u00edo G\u00fce\u00f1a, 2.<\/p>\n<p>Nos encuentras al lado del aparcamiento de detr\u00e1s del ayuntamiento.<\/p>\n<p>[\/et_pb_text][\/et_pb_column][et_pb_column type=\u00bb1_2&#8243; _builder_version=\u00bb3.25&#8243; custom_padding=\u00bb|||\u00bb custom_padding__hover=\u00bb|||\u00bb][\/et_pb_column][\/et_pb_row][\/et_pb_section][et_pb_section fb_built=\u00bb1&#8243; admin_label=\u00bbCollections\u00bb _builder_version=\u00bb3.22&#8243; custom_padding=\u00bb160px|0px|54px|0px\u00bb][et_pb_row column_structure=\u00bb1_2,1_2&#8243; make_equal=\u00bbon\u00bb _builder_version=\u00bb3.25&#8243; background_size=\u00bbinitial\u00bb background_position=\u00bbtop_left\u00bb background_repeat=\u00bbrepeat\u00bb module_alignment=\u00bbcenter\u00bb custom_margin=\u00bb|||\u00bb custom_padding=\u00bb0px||0px|\u00bb box_shadow_style=\u00bbpreset3&#8243; box_shadow_vertical=\u00bb40px\u00bb box_shadow_blur=\u00bb50px\u00bb box_shadow_color=\u00bbrgba(0,0,0,0.1)\u00bb][et_pb_column type=\u00bb1_2&#8243; _builder_version=\u00bb3.25&#8243; use_background_color_gradient=\u00bbon\u00bb background_color_gradient_start=\u00bb#e09900&#8243; background_color_gradient_end=\u00bb#f97400&#8243; background_color_gradient_direction=\u00bb35deg\u00bb custom_padding=\u00bb|5%||5%\u00bb custom_padding__hover=\u00bb|||\u00bb][et_pb_image src=\u00bbhttps:\/\/elmolindelapedrera.com\/wp-content\/uploads\/2018\/05\/la-foto-1-11.jpg\u00bb align=\u00bbcenter\u00bb force_fullwidth=\u00bbon\u00bb _builder_version=\u00bb3.23&#8243; custom_margin=\u00bb-20px||-20px|\u00bb custom_padding=\u00bb|||\u00bb animation_style=\u00bbzoom\u00bb animation_direction=\u00bbleft\u00bb animation_intensity_zoom=\u00bb6%\u00bb animation_starting_opacity=\u00bb100%\u00bb box_shadow_style=\u00bbpreset3&#8243; box_shadow_horizontal=\u00bb13px\u00bb box_shadow_vertical=\u00bb42px\u00bb box_shadow_blur=\u00bb45px\u00bb box_shadow_spread=\u00bb-3px\u00bb box_shadow_color=\u00bbrgba(0,0,0,0.1)\u00bb always_center_on_mobile=\u00bboff\u00bb][\/et_pb_image][\/et_pb_column][et_pb_column type=\u00bb1_2&#8243; _builder_version=\u00bb3.25&#8243; custom_padding=\u00bb40px|40px|40px|40px\u00bb custom_padding__hover=\u00bb|||\u00bb][et_pb_text _builder_version=\u00bb3.27.4&#8243; header_3_font=\u00bbPlayfair Display|700|||||||\u00bb header_3_text_color=\u00bb#2b2b2b\u00bb header_3_font_size=\u00bb28px\u00bb header_3_line_height=\u00bb1.5em\u00bb background_size=\u00bbinitial\u00bb background_position=\u00bbtop_left\u00bb background_repeat=\u00bbrepeat\u00bb custom_margin=\u00bb||10px|\u00bb]<\/p>\n<h3>C\u00f3mo llegar<\/h3>\n<p>[\/et_pb_text][et_pb_divider show_divider=\u00bboff\u00bb disabled_on=\u00bbon|on|off\u00bb _builder_version=\u00bb3.2&#8243; max_width=\u00bb80px\u00bb module_alignment=\u00bbleft\u00bb height=\u00bb10px\u00bb custom_margin=\u00bb||20px|\u00bb animation_style=\u00bbslide\u00bb animation_direction=\u00bbbottom\u00bb saved_tabs=\u00bball\u00bb locked=\u00bboff\u00bb][\/et_pb_divider][et_pb_text _builder_version=\u00bb3.27.4&#8243; text_font=\u00bbPoppins||||||||\u00bb text_text_color=\u00bbrgba(0,0,0,0.4)\u00bb text_font_size=\u00bb16px\u00bb text_line_height=\u00bb1.9em\u00bb module_alignment=\u00bbcenter\u00bb custom_margin=\u00bb||30px|\u00bb]<\/p>\n<p>Una vez en el centro de Cangas de On\u00eds la referencia puede ser el ayuntamiento y el aparcamiento justo detr\u00e1s pues estamos al lado del mismo y del r\u00edo G\u00fce\u00f1a. Si se llega desde la estaci\u00f3n de autobuses ser\u00eda cruzar el puente peatonal que nos lleva hacia la iglesia y seguir el curso del r\u00edo hacia abajo hasta llegar al restaurante unos 300 metros de paseo.<\/p>\n<p>[\/et_pb_text][et_pb_button button_url=\u00bbhttps:\/\/goo.gl\/maps\/2RjzoLPZ7Wm\u00bb button_text=\u00bbMapa\u00bb _builder_version=\u00bb3.16&#8243; custom_button=\u00bbon\u00bb button_text_size=\u00bb14px\u00bb button_text_color=\u00bb#ffffff\u00bb button_bg_color=\u00bb#ff6e00&#8243; button_border_width=\u00bb0px\u00bb button_border_radius=\u00bb0px\u00bb button_letter_spacing=\u00bb2px\u00bb button_font=\u00bbPoppins|600||on|||||\u00bb button_use_icon=\u00bboff\u00bb custom_margin=\u00bb20px|||\u00bb custom_padding=\u00bb12px|28px|12px|28px\u00bb box_shadow_style=\u00bbpreset1&#8243; box_shadow_vertical=\u00bb10px\u00bb box_shadow_blur=\u00bb30px\u00bb box_shadow_color=\u00bbrgba(252,112,134,0.5)\u00bb button_letter_spacing_hover=\u00bb2px\u00bb button_text_size__hover_enabled=\u00bboff\u00bb button_one_text_size__hover_enabled=\u00bboff\u00bb button_two_text_size__hover_enabled=\u00bboff\u00bb button_text_color__hover_enabled=\u00bboff\u00bb button_one_text_color__hover_enabled=\u00bboff\u00bb button_two_text_color__hover_enabled=\u00bboff\u00bb button_border_width__hover_enabled=\u00bboff\u00bb button_one_border_width__hover_enabled=\u00bboff\u00bb button_two_border_width__hover_enabled=\u00bboff\u00bb button_border_color__hover_enabled=\u00bboff\u00bb button_one_border_color__hover_enabled=\u00bboff\u00bb button_two_border_color__hover_enabled=\u00bboff\u00bb button_border_radius__hover_enabled=\u00bboff\u00bb button_one_border_radius__hover_enabled=\u00bboff\u00bb button_two_border_radius__hover_enabled=\u00bboff\u00bb button_letter_spacing__hover_enabled=\u00bbon\u00bb button_letter_spacing__hover=\u00bb2px\u00bb button_one_letter_spacing__hover_enabled=\u00bboff\u00bb button_two_letter_spacing__hover_enabled=\u00bboff\u00bb button_bg_color__hover_enabled=\u00bboff\u00bb button_one_bg_color__hover_enabled=\u00bboff\u00bb button_two_bg_color__hover_enabled=\u00bboff\u00bb][\/et_pb_button][\/et_pb_column][\/et_pb_row][\/et_pb_section][et_pb_section fb_built=\u00bb1&#8243; admin_label=\u00bbFeatured Products\u00bb _builder_version=\u00bb3.22&#8243;][et_pb_row _builder_version=\u00bb3.25&#8243; background_size=\u00bbinitial\u00bb background_position=\u00bbtop_left\u00bb background_repeat=\u00bbrepeat\u00bb][et_pb_column type=\u00bb4_4&#8243; _builder_version=\u00bb3.25&#8243; custom_padding=\u00bb|||\u00bb custom_padding__hover=\u00bb|||\u00bb][et_pb_text _builder_version=\u00bb3.27.4&#8243; header_2_font=\u00bbPlayfair Display|700|||||||\u00bb header_2_text_align=\u00bbcenter\u00bb header_2_text_color=\u00bb#2b2b2b\u00bb header_2_font_size=\u00bb42px\u00bb header_2_line_height=\u00bb1.5em\u00bb background_size=\u00bbinitial\u00bb background_position=\u00bbtop_left\u00bb background_repeat=\u00bbrepeat\u00bb text_orientation=\u00bbcenter\u00bb module_alignment=\u00bbcenter\u00bb custom_margin=\u00bb||10px|\u00bb locked=\u00bboff\u00bb]<\/p>\n<h2>Cangas de On\u00eds<\/h2>\n<p>[\/et_pb_text][et_pb_divider show_divider=\u00bboff\u00bb disabled_on=\u00bbon|on|off\u00bb _builder_version=\u00bb3.2&#8243; max_width=\u00bb80px\u00bb module_alignment=\u00bbcenter\u00bb height=\u00bb10px\u00bb custom_margin=\u00bb||20px|\u00bb animation_style=\u00bbslide\u00bb animation_direction=\u00bbbottom\u00bb saved_tabs=\u00bball\u00bb locked=\u00bboff\u00bb][\/et_pb_divider][et_pb_text _builder_version=\u00bb4.4.7&#8243; text_font=\u00bbPoppins||||||||\u00bb text_text_color=\u00bbrgba(0,0,0,0.4)\u00bb text_font_size=\u00bb16px\u00bb text_line_height=\u00bb1.9em\u00bb text_orientation=\u00bbcenter\u00bb max_width=\u00bb730px\u00bb module_alignment=\u00bbcenter\u00bb hover_enabled=\u00bb0&#8243;]<\/p>\n<p><span>Cangas de On\u00eds capital del concejo del mismo nombre en el oriente de Asturias. A 12 km de Covadonga y a 23 km de los Lagos de Covadonga.<\/span><\/p>\n<p>[\/et_pb_text][et_pb_image src=\u00bbhttps:\/\/elmolindelapedrera.com\/wp-content\/uploads\/2018\/06\/mapa_situacion_restaurante_el_molin_de_la_pedrera_cangasdeonis.jpg\u00bb align=\u00bbcenter\u00bb align_tablet=\u00bbcenter\u00bb align_phone=\u00bb\u00bb align_last_edited=\u00bbon|desktop\u00bb _builder_version=\u00bb3.23&#8243; hover_enabled=\u00bb0&#8243;][\/et_pb_image][et_pb_code text_orientation=\u00bbcenter\u00bb]<iframe loading=\"lazy\" src=\"https:\/\/www.google.com\/maps\/embed?pb=!4v1526848815357!6m8!1m7!1sCAoSLEFGMVFpcE5QSlE5cVgwLVlyUG5Oc2xkUHhaWWx5U3BVS01kR3hkcTBBRHZ5!2m2!1d43.35154107754959!2d-5.130007742249063!3f33.693263681653946!4f-13.739136059271516!5f0.4932300013833676\" width=\"600\" height=\"450\" frameborder=\"0\" style=\"border:0\" allowfullscreen><\/iframe>[\/et_pb_code][\/et_pb_column][\/et_pb_row][et_pb_row column_structure=\u00bb1_4,1_4,1_4,1_4&#8243; use_custom_gutter=\u00bbon\u00bb gutter_width=\u00bb2&#8243; _builder_version=\u00bb3.25&#8243; background_size=\u00bbinitial\u00bb background_position=\u00bbtop_left\u00bb background_repeat=\u00bbrepeat\u00bb][et_pb_column type=\u00bb1_4&#8243; _builder_version=\u00bb3.25&#8243; custom_padding=\u00bb|||\u00bb custom_padding__hover=\u00bb|||\u00bb][et_pb_image src=\u00bbhttps:\/\/elmolindelapedrera.com\/wp-content\/uploads\/2018\/10\/IMG_8785-e1540318550581.jpg\u00bb url=\u00bb#\u00bb use_overlay=\u00bbon\u00bb overlay_icon_color=\u00bb#ffffff\u00bb hover_overlay_color=\u00bbrgba(255,86,117,0.73)\u00bb hover_icon=\u00bb%%182%%\u00bb align_tablet=\u00bbcenter\u00bb align_phone=\u00bb\u00bb align_last_edited=\u00bbon|desktop\u00bb _builder_version=\u00bb3.23&#8243; animation_style=\u00bbfade\u00bb animation_direction=\u00bbleft\u00bb][\/et_pb_image][et_pb_text _builder_version=\u00bb3.27.4&#8243; text_font=\u00bbPoppins||||||||\u00bb text_text_color=\u00bb#2b2b2b\u00bb text_line_height=\u00bb1.3em\u00bb background_size=\u00bbinitial\u00bb background_position=\u00bbtop_left\u00bb background_repeat=\u00bbrepeat\u00bb]<\/p>\n<p>A 28 km. de la playa<\/p>\n<p>[\/et_pb_text][\/et_pb_column][et_pb_column type=\u00bb1_4&#8243; _builder_version=\u00bb3.25&#8243; custom_padding=\u00bb|||\u00bb custom_padding__hover=\u00bb|||\u00bb][et_pb_image src=\u00bbhttps:\/\/elmolindelapedrera.com\/wp-content\/uploads\/2018\/10\/IMG_3418-e1540318151953.jpg\u00bb url=\u00bb#\u00bb use_overlay=\u00bbon\u00bb overlay_icon_color=\u00bb#ffffff\u00bb hover_overlay_color=\u00bbrgba(255,86,117,0.73)\u00bb hover_icon=\u00bb%%182%%\u00bb align_tablet=\u00bbcenter\u00bb align_phone=\u00bb\u00bb align_last_edited=\u00bbon|desktop\u00bb _builder_version=\u00bb3.23&#8243; animation_style=\u00bbfade\u00bb animation_direction=\u00bbleft\u00bb animation_delay=\u00bb100ms\u00bb][\/et_pb_image][et_pb_text _builder_version=\u00bb3.27.4&#8243; text_font=\u00bbPoppins||||||||\u00bb text_text_color=\u00bb#2b2b2b\u00bb text_line_height=\u00bb1.3em\u00bb background_size=\u00bbinitial\u00bb background_position=\u00bbtop_left\u00bb background_repeat=\u00bbrepeat\u00bb]<\/p>\n<p>A 12 km. de Covadonga<\/p>\n<p>[\/et_pb_text][\/et_pb_column][et_pb_column type=\u00bb1_4&#8243; _builder_version=\u00bb3.25&#8243; custom_padding=\u00bb|||\u00bb custom_padding__hover=\u00bb|||\u00bb][et_pb_image src=\u00bbhttps:\/\/elmolindelapedrera.com\/wp-content\/uploads\/2018\/06\/la-barata.jpg\u00bb url=\u00bb#\u00bb use_overlay=\u00bbon\u00bb overlay_icon_color=\u00bb#ffffff\u00bb hover_overlay_color=\u00bbrgba(255,86,117,0.73)\u00bb hover_icon=\u00bb%%182%%\u00bb align_tablet=\u00bbcenter\u00bb align_phone=\u00bb\u00bb align_last_edited=\u00bbon|desktop\u00bb _builder_version=\u00bb3.23&#8243; use_background_color_gradient=\u00bbon\u00bb background_color_gradient_start=\u00bb#ff6a88&#8243; background_color_gradient_end=\u00bb#ff99ac\u00bb background_color_gradient_direction=\u00bb9deg\u00bb animation_style=\u00bbfade\u00bb animation_direction=\u00bbleft\u00bb animation_delay=\u00bb200ms\u00bb][\/et_pb_image][et_pb_text _builder_version=\u00bb3.27.4&#8243; text_font=\u00bbPoppins||||||||\u00bb text_text_color=\u00bb#2b2b2b\u00bb text_line_height=\u00bb1.3em\u00bb background_size=\u00bbinitial\u00bb background_position=\u00bbtop_left\u00bb background_repeat=\u00bbrepeat\u00bb]<\/p>\n<p>A 72 km. de Oviedo<\/p>\n<p>[\/et_pb_text][\/et_pb_column][et_pb_column type=\u00bb1_4&#8243; _builder_version=\u00bb3.25&#8243; custom_padding=\u00bb|||\u00bb custom_padding__hover=\u00bb|||\u00bb][et_pb_image src=\u00bbhttps:\/\/elmolindelapedrera.com\/wp-content\/uploads\/2018\/04\/IMG_7726-e1524842363453.jpg\u00bb url=\u00bb#\u00bb use_overlay=\u00bbon\u00bb overlay_icon_color=\u00bb#ffffff\u00bb hover_overlay_color=\u00bbrgba(255,86,117,0.73)\u00bb hover_icon=\u00bb%%182%%\u00bb align_tablet=\u00bbcenter\u00bb align_phone=\u00bb\u00bb align_last_edited=\u00bbon|desktop\u00bb _builder_version=\u00bb3.23&#8243; animation_style=\u00bbfade\u00bb animation_direction=\u00bbleft\u00bb animation_delay=\u00bb300ms\u00bb][\/et_pb_image][et_pb_text _builder_version=\u00bb3.27.4&#8243; text_font=\u00bbPoppins||||||||\u00bb text_text_color=\u00bb#2b2b2b\u00bb text_line_height=\u00bb1.3em\u00bb background_size=\u00bbinitial\u00bb background_position=\u00bbtop_left\u00bb background_repeat=\u00bbrepeat\u00bb]<\/p>\n<p>En la Calle R\u00edo G\u00fce\u00f1a, 2<\/p>\n<p>[\/et_pb_text][\/et_pb_column][\/et_pb_row][et_pb_row _builder_version=\u00bb3.25&#8243; background_size=\u00bbinitial\u00bb background_position=\u00bbtop_left\u00bb background_repeat=\u00bbrepeat\u00bb][et_pb_column type=\u00bb4_4&#8243; _builder_version=\u00bb3.25&#8243; custom_padding=\u00bb|||\u00bb custom_padding__hover=\u00bb|||\u00bb][et_pb_button button_text=\u00bbLocalizaci\u00f3n\u00bb button_alignment=\u00bbcenter\u00bb _builder_version=\u00bb3.16&#8243; custom_button=\u00bbon\u00bb button_text_size=\u00bb14px\u00bb button_text_color=\u00bbrgba(0,0,0,0.7)\u00bb button_bg_color=\u00bb#ffffff\u00bb button_border_width=\u00bb1px\u00bb button_border_color=\u00bbrgba(53,55,64,0.4)\u00bb button_border_radius=\u00bb0px\u00bb button_letter_spacing=\u00bb2px\u00bb button_font=\u00bbPoppins|600||on|||||\u00bb button_use_icon=\u00bboff\u00bb custom_margin=\u00bb|||\u00bb custom_padding=\u00bb12px|28px|12px|28px\u00bb button_letter_spacing_hover=\u00bb2px\u00bb locked=\u00bboff\u00bb button_text_size__hover_enabled=\u00bboff\u00bb button_one_text_size__hover_enabled=\u00bboff\u00bb button_two_text_size__hover_enabled=\u00bboff\u00bb button_text_color__hover_enabled=\u00bboff\u00bb button_one_text_color__hover_enabled=\u00bboff\u00bb button_two_text_color__hover_enabled=\u00bboff\u00bb button_border_width__hover_enabled=\u00bboff\u00bb button_one_border_width__hover_enabled=\u00bboff\u00bb button_two_border_width__hover_enabled=\u00bboff\u00bb button_border_color__hover_enabled=\u00bboff\u00bb button_one_border_color__hover_enabled=\u00bboff\u00bb button_two_border_color__hover_enabled=\u00bboff\u00bb button_border_radius__hover_enabled=\u00bboff\u00bb button_one_border_radius__hover_enabled=\u00bboff\u00bb button_two_border_radius__hover_enabled=\u00bboff\u00bb button_letter_spacing__hover_enabled=\u00bbon\u00bb button_letter_spacing__hover=\u00bb2px\u00bb button_one_letter_spacing__hover_enabled=\u00bboff\u00bb button_two_letter_spacing__hover_enabled=\u00bboff\u00bb button_bg_color__hover_enabled=\u00bboff\u00bb button_one_bg_color__hover_enabled=\u00bboff\u00bb button_two_bg_color__hover_enabled=\u00bboff\u00bb][\/et_pb_button][\/et_pb_column][\/et_pb_row][\/et_pb_section]<\/p>\n","protected":false},"excerpt":{"rendered":"<p>D\u00f3nde estamos Estamos en el centro de Cangas de On\u00eds, en la Calle R\u00edo G\u00fce\u00f1a, 2. Nos encuentras al lado del aparcamiento de detr\u00e1s del ayuntamiento.C\u00f3mo llegar Una vez en el centro de Cangas de On\u00eds la referencia puede ser el ayuntamiento y el aparcamiento justo detr\u00e1s pues estamos al lado del mismo y del [&hellip;]<\/p>\n","protected":false},"author":1,"featured_media":0,"parent":0,"menu_order":0,"comment_status":"closed","ping_status":"closed","template":"","meta":{"_et_pb_use_builder":"on","_et_pb_old_content":"","_et_gb_content_width":"","footnotes":""},"_links":{"self":[{"href":"https:\/\/elmolindelapedrera.com\/index.php\/wp-json\/wp\/v2\/pages\/295"}],"collection":[{"href":"https:\/\/elmolindelapedrera.com\/index.php\/wp-json\/wp\/v2\/pages"}],"about":[{"href":"https:\/\/elmolindelapedrera.com\/index.php\/wp-json\/wp\/v2\/types\/page"}],"author":[{"embeddable":true,"href":"https:\/\/elmolindelapedrera.com\/index.php\/wp-json\/wp\/v2\/users\/1"}],"replies":[{"embeddable":true,"href":"https:\/\/elmolindelapedrera.com\/index.php\/wp-json\/wp\/v2\/comments?post=295"}],"version-history":[{"count":38,"href":"https:\/\/elmolindelapedrera.com\/index.php\/wp-json\/wp\/v2\/pages\/295\/revisions"}],"predecessor-version":[{"id":2310,"href":"https:\/\/elmolindelapedrera.com\/index.php\/wp-json\/wp\/v2\/pages\/295\/revisions\/2310"}],"wp:attachment":[{"href":"https:\/\/elmolindelapedrera.com\/index.php\/wp-json\/wp\/v2\/media?parent=295"}],"curies":[{"name":"wp","href":"https:\/\/api.w.org\/{rel}","templated":true}]}}