{"id":501,"date":"2018-10-23T18:36:04","date_gmt":"2018-10-23T18:36:04","guid":{"rendered":"http:\/\/elmolindelapedrera.com\/?page_id=501"},"modified":"2025-09-13T20:16:50","modified_gmt":"2025-09-13T20:16:50","slug":"cangas-de-onis-ciudad","status":"publish","type":"page","link":"https:\/\/elmolindelapedrera.com\/index.php\/cangas-de-onis-ciudad\/","title":{"rendered":"Cangas de Onis Ciudad"},"content":{"rendered":"<p>[et_pb_section fb_built=\u00bb1&#8243; admin_label=\u00bbHeader Section\u00bb _builder_version=\u00bb4.16&#8243; use_background_color_gradient=\u00bbon\u00bb background_color_gradient_stops=\u00bb#ffffff 0%|rgba(255,255,255,0.5) 100%\u00bb background_color_gradient_overlays_image=\u00bbon\u00bb background_color_gradient_start=\u00bb#ffffff\u00bb background_color_gradient_end=\u00bbrgba(255,255,255,0.5)\u00bb background_image=\u00bbhttps:\/\/elmolindelapedrera.com\/wp-content\/uploads\/2018\/10\/IMG_6552-e1540320910649.jpg\u00bb custom_padding=\u00bb10%|0px|20%|0px\u00bb hover_enabled=\u00bb0&#8243; global_colors_info=\u00bb{}\u00bb sticky_enabled=\u00bb0&#8243;][et_pb_row admin_label=\u00bbTitle Row\u00bb _builder_version=\u00bb4.16&#8243; global_colors_info=\u00bb{}\u00bb][et_pb_column type=\u00bb4_4&#8243; _builder_version=\u00bb4.16&#8243; custom_padding=\u00bb|||\u00bb global_colors_info=\u00bb{}\u00bb custom_padding__hover=\u00bb|||\u00bb][et_pb_text admin_label=\u00bbT\u00edtulo Cangas de Onis El Molin de la Pedrera\u00bb _builder_version=\u00bb4.24.2&#8243; text_font=\u00bbMuli|600|||||||\u00bb text_font_size=\u00bb18px\u00bb text_line_height=\u00bb1.8em\u00bb header_font=\u00bbMuli|700|||||||\u00bb header_font_size=\u00bb65px\u00bb header_line_height=\u00bb1.4em\u00bb text_orientation=\u00bbcenter\u00bb max_width=\u00bb640px\u00bb max_width_last_edited=\u00bboff|desktop\u00bb module_alignment=\u00bbcenter\u00bb custom_margin=\u00bb|||\u00bb custom_margin_tablet=\u00bb0px|||0px\u00bb custom_margin_last_edited=\u00bboff|desktop\u00bb custom_padding=\u00bb|||\u00bb custom_padding_last_edited=\u00bboff|desktop\u00bb animation_style=\u00bbfade\u00bb header_font_size_tablet=\u00bb\u00bb header_font_size_phone=\u00bb50px\u00bb header_font_size_last_edited=\u00bbon|phone\u00bb global_colors_info=\u00bb{}\u00bb]<\/p>\n<h1 style=\"text-align: left;\">Cangas de On\u00eds, Asturias.<\/h1>\n<p style=\"text-align: justify;\">La peque\u00f1a localidad de Cangas de On\u00eds con t\u00edtulo de ciudad reune todas las condiciones para ser la base log\u00edstica de todas las visitas a los Picos de Europa.<\/p>\n<p style=\"text-align: justify;\">Estamos \u00a0al lado de zona azul, \u00a0de lunes a viernes se paga de 9:00 a 14:00 horas y de 16:00 a 18:00 horas, los s\u00e1bados y \u00a0domingos solo de 9:00 a 14:00 horas.<br \/>Si no pones ticket al estacionar el controlador dejar\u00e1 aviso para pagar una tasa de regularizaci\u00f3n cerca de los 5\u20ac a pagar en dos horas, si no \u00a0pasar\u00eda a multa municipal de unos 80\u20ac que si se paga por pronto pago ser\u00eda la mitad. Si pones el ticket pero caduca las dos horas cuentan a partir de la hora del ticket caducado para regularizarlo y no llegar a ser multado.<\/p>\n<p style=\"text-align: justify;\">Aparcar en el parking de la estaci\u00f3n de autobuses puede ser \u00a0lo m\u00e1s f\u00e1cil y queda cerca tambi\u00e9n del restaurante pues con solo cruzar el puente peatonal sobre el r\u00edo G\u00fce\u00f1a y bajar hacia el otro puente llegar\u00edas al restaurante.<\/p>\n<div class=\"v-c-cmp v-n-mrg\" style=\"text-align: justify;\">\n<h3 class=\"v-cmp-suh\">Horarios de los autobuses a los Lagos de Covadonga<\/h3>\n<\/div>\n<p class=\"v-p\" style=\"text-align: justify;\">La salida de los autobuses hacia el espacio natural se realizar\u00e1 en cada franja horaria desde tres puntos: Cangas de On\u00eds, El Bosque y Mu\u00f1igu, con paradas en El Repelao y Covadonga. Los usuarios deber\u00e1n adquirir los billetes de ida y vuelta antes de acceder al autob\u00fas de forma telem\u00e1tica, en taquilla o en los puntos venta o agencias de viaje habilitadas.<\/p>\n<p class=\"v-p\" style=\"text-align: justify;\">El primer servicio de la ma\u00f1ana partir\u00e1 hacia los lagos a las <strong>08.00<\/strong> y el \u00faltimo, a las <strong>17.45 horas<\/strong>.<\/p>\n<p class=\"v-p\" style=\"text-align: justify;\">En sentido inverso, el primero descender\u00e1 a las <strong>11.05<\/strong> y el \u00faltimo, a las <strong>20.50 horas<\/strong>.<\/p>\n<p class=\"v-p\" style=\"text-align: justify;\">Estos horarios se mantendr\u00e1n vigentes durante la temporada alta, que finalizar\u00e1 a finales de septiembre, y se ajustar\u00e1n a partir del puente del 12 de octubre.<\/p>\n<div class=\"v-c-cmp v-n-mrg\" style=\"text-align: justify;\">\n<h3 class=\"v-cmp-suh\">Calendario: acceso a los lagos<\/h3>\n<\/div>\n<p class=\"v-p\" style=\"text-align: justify;\">La Direcci\u00f3n General de Tr\u00e1fico (DGT) ha fijado el siguiente calendario de aplicaci\u00f3n del plan de acceso a los lagos de Covadonga para 2025:<\/p>\n<p class=\"v-p\" style=\"text-align: justify;\">En abril, los d\u00edas 5 y 6 y desde el 12 hasta el d\u00eda 30, ambos incluidos. En mayo, entre los d\u00edas 1 y 4 y todos los fines de semana. Del 1 de junio al 19 de octubre todos los d\u00edas, excepto el 7 de junio por la celebraci\u00f3n del Desaf\u00edo Lagos de Covadonga, la tarde del 24 de julio y toda la jornada del 25 por la celebraci\u00f3n de la Fiesta del Pastor y el 8 de septiembre. Tambi\u00e9n estar\u00e1 operativo el \u00faltimo fin de semana de octubre, los d\u00edas 25 y 26. En noviembre, el primer y \u00faltimo fin de semana (d\u00edas 1, 2, 29 y 30). En diciembre, los ocho primeros d\u00edas del mes (del 1 al 8).<\/p>\n<p class=\"v-p\" style=\"text-align: justify;\">\n<p>[\/et_pb_text][\/et_pb_column][\/et_pb_row][\/et_pb_section][et_pb_section fb_built=\u00bb1&#8243; admin_label=\u00bbOur Story Section\u00bb _builder_version=\u00bb4.16&#8243; custom_padding=\u00bb0px|0px|0px|0px\u00bb global_colors_info=\u00bb{}\u00bb][et_pb_row column_structure=\u00bb1_2,1_2&#8243; use_custom_gutter=\u00bbon\u00bb gutter_width=\u00bb1&#8243; make_equal=\u00bbon\u00bb admin_label=\u00bbOur Story Row\u00bb module_class=\u00bb et_pb_row_fullwidth\u00bb _builder_version=\u00bb4.16&#8243; width=\u00bb100%\u00bb width_tablet=\u00bb100%\u00bb width_phone=\u00bb\u00bb width_last_edited=\u00bbon|desktop\u00bb max_width=\u00bb100%\u00bb max_width_tablet=\u00bb100%\u00bb max_width_phone=\u00bb\u00bb max_width_last_edited=\u00bbon|desktop\u00bb custom_margin=\u00bb|||\u00bb custom_padding=\u00bb0px|0px|0px|0px\u00bb make_fullwidth=\u00bbon\u00bb global_colors_info=\u00bb{}\u00bb][et_pb_column type=\u00bb1_2&#8243; _builder_version=\u00bb4.16&#8243; background_color=\u00bb#9ea004&#8243; custom_padding=\u00bb|||\u00bb global_colors_info=\u00bb{}\u00bb custom_padding__hover=\u00bb|||\u00bb][et_pb_cta title=\u00bbCangas de On\u00eds a las puertas de Covadonga\u00bb button_url=\u00bb#top\u00bb button_text=\u00bbGaler\u00eda de fotos\u00bb _builder_version=\u00bb4.16&#8243; header_font=\u00bbMuli|700|||||||\u00bb header_text_color=\u00bb#ffffff\u00bb header_font_size=\u00bb50px\u00bb header_line_height=\u00bb1.4em\u00bb body_font=\u00bbMuli|600|||||||\u00bb body_text_align=\u00bbleft\u00bb body_text_color=\u00bbrgba(255,255,255,0.55)\u00bb body_font_size=\u00bb18px\u00bb body_line_height=\u00bb1.8em\u00bb use_background_color=\u00bboff\u00bb custom_button=\u00bbon\u00bb button_text_size=\u00bb16px\u00bb button_text_color=\u00bb#ffffff\u00bb button_bg_color=\u00bb#f4583f\u00bb button_border_width=\u00bb10px\u00bb button_border_color=\u00bb#f4583f\u00bb button_border_radius=\u00bb0px\u00bb button_font=\u00bbMuli|700|||||||\u00bb button_use_icon=\u00bboff\u00bb max_width=\u00bb600px\u00bb max_width_tablet=\u00bb\u00bb max_width_phone=\u00bb\u00bb max_width_last_edited=\u00bbon|desktop\u00bb module_alignment=\u00bbright\u00bb custom_margin=\u00bb|||\u00bb custom_margin_last_edited=\u00bboff|desktop\u00bb custom_padding=\u00bb100px|60px|100px|60px\u00bb custom_padding_tablet=\u00bb|10%||\u00bb custom_padding_phone=\u00bb|60px||60px\u00bb custom_padding_last_edited=\u00bbon|phone\u00bb header_font_size_tablet=\u00bb\u00bb header_font_size_phone=\u00bb40px\u00bb header_font_size_last_edited=\u00bbon|phone\u00bb button_border_radius_hover=\u00bb0px\u00bb global_colors_info=\u00bb{}\u00bb button_text_size__hover_enabled=\u00bboff\u00bb button_one_text_size__hover_enabled=\u00bboff\u00bb button_two_text_size__hover_enabled=\u00bboff\u00bb button_text_color__hover_enabled=\u00bboff\u00bb button_one_text_color__hover_enabled=\u00bboff\u00bb button_two_text_color__hover_enabled=\u00bboff\u00bb button_border_width__hover_enabled=\u00bboff\u00bb button_one_border_width__hover_enabled=\u00bboff\u00bb button_two_border_width__hover_enabled=\u00bboff\u00bb button_border_color__hover_enabled=\u00bboff\u00bb button_one_border_color__hover_enabled=\u00bboff\u00bb button_two_border_color__hover_enabled=\u00bboff\u00bb button_border_radius__hover_enabled=\u00bbon\u00bb button_border_radius__hover=\u00bb0px\u00bb button_one_border_radius__hover_enabled=\u00bboff\u00bb button_two_border_radius__hover_enabled=\u00bboff\u00bb button_letter_spacing__hover_enabled=\u00bboff\u00bb button_one_letter_spacing__hover_enabled=\u00bboff\u00bb button_two_letter_spacing__hover_enabled=\u00bboff\u00bb button_bg_color__hover_enabled=\u00bboff\u00bb button_one_bg_color__hover_enabled=\u00bboff\u00bb button_two_bg_color__hover_enabled=\u00bboff\u00bb][\/et_pb_cta][\/et_pb_column][et_pb_column type=\u00bb1_2&#8243; _builder_version=\u00bb4.16&#8243; custom_padding=\u00bb|||\u00bb global_colors_info=\u00bb{}\u00bb custom_padding__hover=\u00bb|||\u00bb][et_pb_image src=\u00bbhttps:\/\/elmolindelapedrera.com\/wp-content\/uploads\/2018\/06\/IMG_3351.jpg\u00bb align_tablet=\u00bbcenter\u00bb align_phone=\u00bb\u00bb align_last_edited=\u00bbon|desktop\u00bb _builder_version=\u00bb4.16&#8243; max_width=\u00bb600px\u00bb max_width_tablet=\u00bb\u00bb max_width_phone=\u00bb\u00bb max_width_last_edited=\u00bbon|desktop\u00bb module_alignment=\u00bbleft\u00bb global_colors_info=\u00bb{}\u00bb][\/et_pb_image][et_pb_image src=\u00bbhttps:\/\/elmolindelapedrera.com\/wp-content\/uploads\/2018\/04\/IMG_8972-e1524908616169.jpg\u00bb alt=\u00bbRestaurante El Molin de la Pedrera\u00bb title_text=\u00bbExterior Restaurante El Mol\u00edn de la Pedrera\u00bb _builder_version=\u00bb4.16&#8243; global_colors_info=\u00bb{}\u00bb][\/et_pb_image][\/et_pb_column][\/et_pb_row][\/et_pb_section][et_pb_section fb_built=\u00bb1&#8243; admin_label=\u00bbVideo Section\u00bb _builder_version=\u00bb4.16&#8243; background_image=\u00bbhttps:\/\/elmolindelapedrera.com\/wp-content\/uploads\/2018\/10\/IMG_3418-e1540318151953.jpg\u00bb custom_padding=\u00bb0px|0px|0px|0px\u00bb global_colors_info=\u00bb{}\u00bb][et_pb_row column_structure=\u00bb1_2,1_2&#8243; use_custom_gutter=\u00bbon\u00bb gutter_width=\u00bb1&#8243; admin_label=\u00bbVideo Row\u00bb module_class=\u00bb et_pb_row_fullwidth\u00bb _builder_version=\u00bb4.16&#8243; width=\u00bb100%\u00bb width_tablet=\u00bb100%\u00bb width_phone=\u00bb\u00bb width_last_edited=\u00bbon|desktop\u00bb max_width=\u00bb100%\u00bb max_width_tablet=\u00bb100%\u00bb max_width_phone=\u00bb\u00bb max_width_last_edited=\u00bbon|desktop\u00bb custom_margin=\u00bb|||\u00bb custom_padding=\u00bb0px|0px|400px|0px\u00bb make_fullwidth=\u00bbon\u00bb global_colors_info=\u00bb{}\u00bb][et_pb_column type=\u00bb1_2&#8243; _builder_version=\u00bb4.16&#8243; background_color=\u00bb#1a1a1a\u00bb custom_padding=\u00bb|||\u00bb global_colors_info=\u00bb{}\u00bb custom_padding__hover=\u00bb|||\u00bb][et_pb_video src=\u00bbhttps:\/\/elmolindelapedrera.com\/wp-content\/uploads\/2018\/10\/IMG_3712.mov\u00bb src_webm=\u00bbhttps:\/\/www.youtube.com\/watch?v=FkQuawiGWUw\u00bb image_src=\u00bbhttps:\/\/elmolindelapedrera.com\/wp-content\/uploads\/2018\/10\/fiesta_foto_interior.jpg\u00bb _builder_version=\u00bb4.16&#8243; max_width=\u00bb600px\u00bb max_width_tablet=\u00bb\u00bb max_width_phone=\u00bb\u00bb max_width_last_edited=\u00bbon|phone\u00bb module_alignment=\u00bbright\u00bb global_colors_info=\u00bb{}\u00bb][\/et_pb_video][\/et_pb_column][et_pb_column type=\u00bb1_2&#8243; _builder_version=\u00bb4.16&#8243; custom_padding=\u00bb|||\u00bb global_colors_info=\u00bb{}\u00bb custom_padding__hover=\u00bb|||\u00bb][\/et_pb_column][\/et_pb_row][\/et_pb_section][et_pb_section fb_built=\u00bb1&#8243; fullwidth=\u00bbon\u00bb _builder_version=\u00bb4.16&#8243; global_colors_info=\u00bb{}\u00bb][\/et_pb_section]<\/p>\n","protected":false},"excerpt":{"rendered":"<p>Cangas de On\u00eds, Asturias. La peque\u00f1a localidad de Cangas de On\u00eds con t\u00edtulo de ciudad reune todas las condiciones para ser la base log\u00edstica de todas las visitas a los Picos de Europa. Estamos \u00a0al lado de zona azul, \u00a0de lunes a viernes se paga de 9:00 a 14:00 horas y de 16:00 a 18:00 [&hellip;]<\/p>\n","protected":false},"author":1,"featured_media":0,"parent":0,"menu_order":0,"comment_status":"closed","ping_status":"closed","template":"","meta":{"_et_pb_use_builder":"on","_et_pb_old_content":"","_et_gb_content_width":"","footnotes":""},"_links":{"self":[{"href":"https:\/\/elmolindelapedrera.com\/index.php\/wp-json\/wp\/v2\/pages\/501"}],"collection":[{"href":"https:\/\/elmolindelapedrera.com\/index.php\/wp-json\/wp\/v2\/pages"}],"about":[{"href":"https:\/\/elmolindelapedrera.com\/index.php\/wp-json\/wp\/v2\/types\/page"}],"author":[{"embeddable":true,"href":"https:\/\/elmolindelapedrera.com\/index.php\/wp-json\/wp\/v2\/users\/1"}],"replies":[{"embeddable":true,"href":"https:\/\/elmolindelapedrera.com\/index.php\/wp-json\/wp\/v2\/comments?post=501"}],"version-history":[{"count":43,"href":"https:\/\/elmolindelapedrera.com\/index.php\/wp-json\/wp\/v2\/pages\/501\/revisions"}],"predecessor-version":[{"id":3924,"href":"https:\/\/elmolindelapedrera.com\/index.php\/wp-json\/wp\/v2\/pages\/501\/revisions\/3924"}],"wp:attachment":[{"href":"https:\/\/elmolindelapedrera.com\/index.php\/wp-json\/wp\/v2\/media?parent=501"}],"curies":[{"name":"wp","href":"https:\/\/api.w.org\/{rel}","templated":true}]}}